{"id":19,"date":"2025-05-01T08:41:30","date_gmt":"2025-05-01T08:41:30","guid":{"rendered":"https:\/\/houseoflanguages.ch\/?page_id=19"},"modified":"2025-10-14T16:25:43","modified_gmt":"2025-10-14T16:25:43","slug":"privacy-policy","status":"publish","type":"page","link":"https:\/\/houseoflanguages.ch\/fr\/privacy-policy\/","title":{"rendered":"Politique de confidentialit\u00e9"},"content":{"rendered":"<div data-elementor-type=\"wp-page\" data-elementor-id=\"19\" class=\"elementor elementor-19\">\n\t\t\t\t<div class=\"elementor-element elementor-element-6556eedd e-flex e-con-boxed sc_layouts_column_icons_position_left e-con e-parent\" data-id=\"6556eedd\" data-element_type=\"container\" data-e-type=\"container\">\n\t\t\t\t\t<div class=\"e-con-inner\">\n\t\t\t\t<div class=\"elementor-element elementor-element-3d47dc32 sc_fly_static elementor-widget elementor-widget-text-editor\" data-id=\"3d47dc32\" data-element_type=\"widget\" data-e-type=\"widget\" data-widget_type=\"text-editor.default\">\n\t\t\t\t<div class=\"elementor-widget-container\">\n\t\t\t\t\t\t\t\t\t<p><b>Politique de confidentialit\u00e9<\/b><\/p><p class=\"p2\">Date d'entr\u00e9e en vigueur : 25.07.2025<\/p><p class=\"p2\">Chez House Of Languages Switzerland, nous nous engageons \u00e0 prot\u00e9ger vos donn\u00e9es personnelles<\/p><p class=\"p2\">et \u00e0 respecter votre vie priv\u00e9e. La pr\u00e9sente politique de confidentialit\u00e9 d\u00e9crit la  mani\u00e8re dont nous collectons,<\/p><p class=\"p2\">utilisons et prot\u00e9geons vos informations lorsque vous visitez  notre site web ou utilisez nos services.<\/p><p class=\"p1\"><b>1. Informations que nous collectons<\/b><\/p><p class=\"p2\">Nous pouvons collecter les types d'informations personnelles suivants :<\/p><ul><li class=\"p2\">Nom, adresse e-mail, num\u00e9ro de t\u00e9l\u00e9phone<\/li><li class=\"p2\">Pr\u00e9f\u00e9rences linguistiques et objectifs d'apprentissage<\/li><li class=\"p2\">Informations de facturation et de paiement (le cas \u00e9ch\u00e9ant)<\/li><li class=\"p2\">Donn\u00e9es de communication provenant des formulaires de contact ou des e-mails<\/li><li class=\"p2\">Adresse IP et informations sur le navigateur (\u00e0 des fins d'analyse)<\/li><\/ul><p><b style=\"font-family: inherit; font-style: inherit;\">2. Comment nous utilisons vos informations<\/b><\/p><p class=\"p2\">Nous utilisons vos donn\u00e9es pour :<\/p><ul><li class=\"p2\">Fournir et g\u00e9rer nos services linguistiques, de traduction et d'interpr\u00e9tartiat<\/li><li class=\"p2\">Communiquer avec vous au sujet de vos demandes ou r\u00e9servations<\/li><li class=\"p2\">Am\u00e9liorer notre site web et l'exp\u00e9rience utilisateur<\/li><li class=\"p2\">Nous conformer aux obligations l\u00e9gales et r\u00e9glementaires<\/li><\/ul><p class=\"p1\"><b>3. Partage et divulgation des donn\u00e9es<\/b><\/p><p>Nous ne vendons ni ne louons vos donn\u00e9es personnelles. Nous pouvons partager des informations  avec :<\/p><ul><li class=\"p2\">Des prestataires de services de confiance (par exemple, des plateformes de messagerie  \u00e9lectronique ou de paiement)<\/li><li class=\"p2\">Les autorit\u00e9s gouvernementales ou judiciaires si la loi l'exige<\/li><\/ul><p>Tous les fournisseurs tiers avec lesquels nous travaillons sont conformes au RGPD et  contractuellement tenus de traiter vos donn\u00e9es de mani\u00e8re responsable.<\/p><p class=\"p1\"><b>4. Cookies et analyses<\/b><\/p><p><span style=\"font-weight: 400;\">Notre site Web utilise des cookies pour am\u00e9liorer votre exp\u00e9rience et collecter des donn\u00e9es  anonymes sur les visiteurs. Vous pouvez \u00e0 tout moment modifier les param\u00e8tres de votre  navigateur pour g\u00e9rer ou bloquer les cookies.<\/span><\/p><p class=\"p1\"><b>5. S\u00e9curit\u00e9 des donn\u00e9es<\/b><\/p><p>Nous mettons en \u0153uvre des mesures techniques et organisationnelles appropri\u00e9es pour  garantir la protection de vos donn\u00e9es personnelles contre tout acc\u00e8s, modification ou  divulgation non autoris\u00e9s.<\/p><p class=\"p1\"><b>6. Vos droits<\/b><\/p><p class=\"p2\">Vous avez le droit :<\/p><ul><li class=\"p2\">Acc\u00e9der \u00e0 vos donn\u00e9es personnelles, les corriger ou les supprimer<\/li><li class=\"p2\">Retirer votre consentement \u00e0 tout moment<\/li><li class=\"p2\">Demander la portabilit\u00e9 des donn\u00e9es<\/li><li class=\"p2\">D\u00e9poser une plainte aupr\u00e8s d'une autorit\u00e9 de  \ncontr\u00f4le<\/li><\/ul><p>Pour exercer ces droits, contactez-nous \u00e0  \nl'adresse suivante : <a href=\"mailto:info@houseoflanguages.ch\"><span class=\"s2\">info@houseoflanguages.ch<\/span><\/a><\/p><p class=\"p1\"><b>7. Modifications apport\u00e9es \u00e0 la pr\u00e9sente politique<\/b><\/p><p class=\"p2\">Nous pouvons mettre \u00e0 jour la pr\u00e9sente politique de confidentialit\u00e9 de temps \u00e0 autre.<\/p><p class=\"p2\">Toute  modification sera publi\u00e9e sur cette page avec la date de r\u00e9vision.<\/p><p class=\"p1\"><b>8. Contactez-nous<\/b><\/p><p class=\"p2\">Si vous avez des questions concernant la pr\u00e9sente politique de confidentialit\u00e9 ou la mani\u00e8re  dont nous traitons vos donn\u00e9es,<\/p><p class=\"p2\">veuillez contacter :<\/p><p class=\"p2\"><b>House Of Languages Switzerland<\/b><\/p><p class=\"p3\"><span class=\"s3\">Email: <\/span><a href=\"mailto:info@houseoflanguages.ch\">info@houseoflanguages.ch<\/a><\/p>\t\t\t\t\t\t\t\t<\/div>\n\t\t\t\t<\/div>\n\t\t\t\t\t<\/div>\n\t\t\t\t<\/div>\n\t\t\t\t<\/div>","protected":false},"excerpt":{"rendered":"<p>Privacy Policy Effective Date: 25.07.2025 At House Of Languages Switzerland, we are committed to&hellip;<\/p>","protected":false},"author":1,"featured_media":0,"parent":0,"menu_order":0,"comment_status":"closed","ping_status":"closed","template":"","meta":{"footnotes":""},"class_list":["post-19","page","type-page","status-publish","hentry"],"_links":{"self":[{"href":"https:\/\/houseoflanguages.ch\/fr\/wp-json\/wp\/v2\/pages\/19","targetHints":{"allow":["GET"]}}],"collection":[{"href":"https:\/\/houseoflanguages.ch\/fr\/wp-json\/wp\/v2\/pages"}],"about":[{"href":"https:\/\/houseoflanguages.ch\/fr\/wp-json\/wp\/v2\/types\/page"}],"author":[{"embeddable":true,"href":"https:\/\/houseoflanguages.ch\/fr\/wp-json\/wp\/v2\/users\/1"}],"replies":[{"embeddable":true,"href":"https:\/\/houseoflanguages.ch\/fr\/wp-json\/wp\/v2\/comments?post=19"}],"version-history":[{"count":29,"href":"https:\/\/houseoflanguages.ch\/fr\/wp-json\/wp\/v2\/pages\/19\/revisions"}],"predecessor-version":[{"id":5014,"href":"https:\/\/houseoflanguages.ch\/fr\/wp-json\/wp\/v2\/pages\/19\/revisions\/5014"}],"wp:attachment":[{"href":"https:\/\/houseoflanguages.ch\/fr\/wp-json\/wp\/v2\/media?parent=19"}],"curies":[{"name":"wp","href":"https:\/\/api.w.org\/{rel}","templated":true}]}}