{"id":2795,"date":"2025-06-17T08:20:18","date_gmt":"2025-06-17T08:20:18","guid":{"rendered":"https:\/\/t74.4e7.myftpupload.com\/?page_id=2795"},"modified":"2025-11-16T18:37:27","modified_gmt":"2025-11-16T18:37:27","slug":"resources","status":"publish","type":"page","link":"https:\/\/houseoflanguages.ch\/de\/resources\/","title":{"rendered":"Ressourcen"},"content":{"rendered":"<div data-elementor-type=\"wp-page\" data-elementor-id=\"2795\" class=\"elementor elementor-2795\">\n\t\t\t\t<div class=\"elementor-element elementor-element-12045eb e-flex e-con-boxed sc_layouts_column_icons_position_left e-con e-parent\" data-id=\"12045eb\" data-element_type=\"container\" data-e-type=\"container\">\n\t\t\t\t\t<div class=\"e-con-inner\">\n\t\t<div data-animation-type=\"block\" class=\"elementor-element elementor-element-489bf83 e-con-full e-flex sc_layouts_column_icons_position_left animation_type_block elementor-invisible e-con e-child\" data-id=\"489bf83\" data-element_type=\"container\" data-e-type=\"container\" data-settings=\"{&quot;animation&quot;:&quot;ta_fadeinup&quot;}\">\n\t\t\t\t<div class=\"elementor-element elementor-element-23e4d0f sc_fly_static elementor-widget elementor-widget-heading\" data-id=\"23e4d0f\" data-element_type=\"widget\" data-e-type=\"widget\" data-widget_type=\"heading.default\">\n\t\t\t\t<div class=\"elementor-widget-container\">\n\t\t\t\t\t<h6 class=\"elementor-heading-title elementor-size-default\">Ressourcen<\/h6>\t\t\t\t<\/div>\n\t\t\t\t<\/div>\n\t\t\t\t<div class=\"elementor-element elementor-element-2eceda8 elementor-widget__width-initial sc_fly_static elementor-widget elementor-widget-heading\" data-id=\"2eceda8\" data-element_type=\"widget\" data-e-type=\"widget\" data-widget_type=\"heading.default\">\n\t\t\t\t<div class=\"elementor-widget-container\">\n\t\t\t\t\t<h1 class=\"elementor-heading-title elementor-size-default\">Testen Sie Ihr Niveau<\/h1>\t\t\t\t<\/div>\n\t\t\t\t<\/div>\n\t\t\t\t<\/div>\n\t\t<div class=\"e-con-gap-no elementor-element elementor-element-59de32a e-con-full e-flex sc_layouts_column_icons_position_left e-con e-child\" data-id=\"59de32a\" data-element_type=\"container\" data-e-type=\"container\">\n\t\t<div data-animation-type=\"block\" class=\"elementor-element elementor-element-cfcc037 e-con-full e-flex sc_layouts_column_icons_position_left animation_type_block elementor-invisible e-con e-child\" data-id=\"cfcc037\" data-element_type=\"container\" data-e-type=\"container\" data-settings=\"{&quot;animation&quot;:&quot;ta_fadeinup&quot;,&quot;animation_delay&quot;:100}\">\n\t\t\t\t<div class=\"elementor-element elementor-element-c241eca elementor-widget__width-initial sc_fly_static elementor-widget elementor-widget-heading\" data-id=\"c241eca\" data-element_type=\"widget\" data-e-type=\"widget\" data-widget_type=\"heading.default\">\n\t\t\t\t<div class=\"elementor-widget-container\">\n\t\t\t\t\t<h3 class=\"elementor-heading-title elementor-size-default\">C2<\/h3>\t\t\t\t<\/div>\n\t\t\t\t<\/div>\n\t\t\t\t<div class=\"elementor-element elementor-element-fc7cd9e elementor-widget__width-initial sc_fly_static elementor-widget elementor-widget-heading\" data-id=\"fc7cd9e\" data-element_type=\"widget\" data-e-type=\"widget\" data-widget_type=\"heading.default\">\n\t\t\t\t<div class=\"elementor-widget-container\">\n\t\t\t\t\t<h3 class=\"elementor-heading-title elementor-size-default\">Ann\u00e4hernd muttersprachliche Kenntnisse<\/h3>\t\t\t\t<\/div>\n\t\t\t\t<\/div>\n\t\t\t\t<div class=\"elementor-element elementor-element-8fdd0d6 elementor-widget__width-initial sc_fly_static elementor-widget elementor-widget-text-editor\" data-id=\"8fdd0d6\" data-element_type=\"widget\" data-e-type=\"widget\" data-widget_type=\"text-editor.default\">\n\t\t\t\t<div class=\"elementor-widget-container\">\n\t\t\t\t\t\t\t\t\t<p><span style=\"font-weight: 400;\">Kann m\u00fchelos alle Arten von Inhalten verstehen. Kann sich spontan und fl\u00fcssig ausdr\u00fccken, nahezu auf dem Niveau eines Muttersprachlers.<\/span><\/p>\t\t\t\t\t\t\t\t<\/div>\n\t\t\t\t<\/div>\n\t\t\t\t<\/div>\n\t\t<div data-animation-type=\"block\" class=\"elementor-element elementor-element-ce61062 e-con-full e-flex sc_layouts_column_icons_position_left animation_type_block elementor-invisible e-con e-child\" data-id=\"ce61062\" data-element_type=\"container\" data-e-type=\"container\" data-settings=\"{&quot;animation&quot;:&quot;ta_fadeinup&quot;,&quot;animation_delay&quot;:100}\">\n\t\t\t\t<div class=\"elementor-element elementor-element-ea975a4 elementor-widget__width-initial sc_fly_static elementor-widget elementor-widget-heading\" data-id=\"ea975a4\" data-element_type=\"widget\" data-e-type=\"widget\" data-widget_type=\"heading.default\">\n\t\t\t\t<div class=\"elementor-widget-container\">\n\t\t\t\t\t<h3 class=\"elementor-heading-title elementor-size-default\">C1<\/h3>\t\t\t\t<\/div>\n\t\t\t\t<\/div>\n\t\t\t\t<div class=\"elementor-element elementor-element-03d0064 elementor-widget__width-initial sc_fly_static elementor-widget elementor-widget-heading\" data-id=\"03d0064\" data-element_type=\"widget\" data-e-type=\"widget\" data-widget_type=\"heading.default\">\n\t\t\t\t<div class=\"elementor-widget-container\">\n\t\t\t\t\t<h3 class=\"elementor-heading-title elementor-size-default\">Fachkundige Sprachkenntnisse<\/h3>\t\t\t\t<\/div>\n\t\t\t\t<\/div>\n\t\t\t\t<div class=\"elementor-element elementor-element-65ca731 elementor-widget__width-initial sc_fly_static elementor-widget elementor-widget-text-editor\" data-id=\"65ca731\" data-element_type=\"widget\" data-e-type=\"widget\" data-widget_type=\"text-editor.default\">\n\t\t\t\t<div class=\"elementor-widget-container\">\n\t\t\t\t\t\t\t\t\t<p><span style=\"font-weight: 400;\">Versteht den Gespr\u00e4chspartner sowie lange und anspruchsvolle Texte ohne wesentliche Schwierigkeiten. Kann sich spontan und flie\u00dfend ausdr\u00fccken, ohne oft nach Worten suchen zu m\u00fcssen, und die Sprache in unerwarteten Situationen effektiv und flexibel nutzen.<\/span><\/p>\t\t\t\t\t\t\t\t<\/div>\n\t\t\t\t<\/div>\n\t\t\t\t<\/div>\n\t\t<div data-animation-type=\"block\" class=\"elementor-element elementor-element-374b2f9 e-con-full e-flex sc_layouts_column_icons_position_left animation_type_block elementor-invisible e-con e-child\" data-id=\"374b2f9\" data-element_type=\"container\" data-e-type=\"container\" data-settings=\"{&quot;animation&quot;:&quot;ta_fadeinup&quot;,&quot;animation_delay&quot;:100}\">\n\t\t\t\t<div class=\"elementor-element elementor-element-1a2d953 elementor-widget__width-initial sc_fly_static elementor-widget elementor-widget-heading\" data-id=\"1a2d953\" data-element_type=\"widget\" data-e-type=\"widget\" data-widget_type=\"heading.default\">\n\t\t\t\t<div class=\"elementor-widget-container\">\n\t\t\t\t\t<h3 class=\"elementor-heading-title elementor-size-default\">B2<\/h3>\t\t\t\t<\/div>\n\t\t\t\t<\/div>\n\t\t\t\t<div class=\"elementor-element elementor-element-3479583 elementor-widget__width-initial sc_fly_static elementor-widget elementor-widget-heading\" data-id=\"3479583\" data-element_type=\"widget\" data-e-type=\"widget\" data-widget_type=\"heading.default\">\n\t\t\t\t<div class=\"elementor-widget-container\">\n\t\t\t\t\t<h3 class=\"elementor-heading-title elementor-size-default\">Selbst\u00e4ndige Sprachverwendung<\/h3>\t\t\t\t<\/div>\n\t\t\t\t<\/div>\n\t\t\t\t<div class=\"elementor-element elementor-element-457222d elementor-widget__width-initial sc_fly_static elementor-widget elementor-widget-text-editor\" data-id=\"457222d\" data-element_type=\"widget\" data-e-type=\"widget\" data-widget_type=\"text-editor.default\">\n\t\t\t\t<div class=\"elementor-widget-container\">\n\t\t\t\t\t\t\t\t\t<p><span style=\"font-weight: 400;\">Versteht die Hauptideen komplexer Diskussionen. Kann mit einem gewissen Mass an Spontaneit\u00e4t und Leichtigkeit mit Muttersprachlern interagieren. Kann klare, detaillierte Texte zu einem breiten Spektrum von Themen verfassen und eine Meinung zu aktuellen Themen \u00e4ussern, indem er die Vor- und Nachteile verschiedener Optionen darstellt.<\/span><\/p>\t\t\t\t\t\t\t\t<\/div>\n\t\t\t\t<\/div>\n\t\t\t\t<\/div>\n\t\t<div data-animation-type=\"block\" class=\"elementor-element elementor-element-7232394 e-con-full e-flex sc_layouts_column_icons_position_left animation_type_block elementor-invisible e-con e-child\" data-id=\"7232394\" data-element_type=\"container\" data-e-type=\"container\" data-settings=\"{&quot;animation&quot;:&quot;ta_fadeinup&quot;,&quot;animation_delay&quot;:100}\">\n\t\t\t\t<div class=\"elementor-element elementor-element-4d25566 elementor-widget__width-initial sc_fly_static elementor-widget elementor-widget-heading\" data-id=\"4d25566\" data-element_type=\"widget\" data-e-type=\"widget\" data-widget_type=\"heading.default\">\n\t\t\t\t<div class=\"elementor-widget-container\">\n\t\t\t\t\t<h3 class=\"elementor-heading-title elementor-size-default\">B1<\/h3>\t\t\t\t<\/div>\n\t\t\t\t<\/div>\n\t\t\t\t<div class=\"elementor-element elementor-element-8826b76 elementor-widget__width-initial sc_fly_static elementor-widget elementor-widget-heading\" data-id=\"8826b76\" data-element_type=\"widget\" data-e-type=\"widget\" data-widget_type=\"heading.default\">\n\t\t\t\t<div class=\"elementor-widget-container\">\n\t\t\t\t\t<h3 class=\"elementor-heading-title elementor-size-default\">Fortgeschrittene Sprachverwendung<\/h3>\t\t\t\t<\/div>\n\t\t\t\t<\/div>\n\t\t\t\t<div class=\"elementor-element elementor-element-9ac08cb elementor-widget__width-initial sc_fly_static elementor-widget elementor-widget-text-editor\" data-id=\"9ac08cb\" data-element_type=\"widget\" data-e-type=\"widget\" data-widget_type=\"text-editor.default\">\n\t\t\t\t<div class=\"elementor-widget-container\">\n\t\t\t\t\t\t\t\t\t<p><span style=\"font-weight: 400;\">Versteht die wesentlichen Punkte in verschiedenen Situationen. Kann die meisten Situationen bew\u00e4ltigen, die beim Reisen in einem Gebiet auftreten, in dem die Sprache gesprochen wird. Kann einfache, zusammenh\u00e4ngende Texte zu vertrauten Themen oder pers\u00f6nlichen Interessen verfassen, eine Geschichte erz\u00e4hlen und eine Meinung \u00e4ussern.<\/span><\/p>\t\t\t\t\t\t\t\t<\/div>\n\t\t\t\t<\/div>\n\t\t\t\t<\/div>\n\t\t<div data-animation-type=\"block\" class=\"elementor-element elementor-element-c0fe07e e-con-full e-flex sc_layouts_column_icons_position_left animation_type_block elementor-invisible e-con e-child\" data-id=\"c0fe07e\" data-element_type=\"container\" data-e-type=\"container\" data-settings=\"{&quot;animation&quot;:&quot;ta_fadeinup&quot;,&quot;animation_delay&quot;:100}\">\n\t\t\t\t<div class=\"elementor-element elementor-element-a4116d1 elementor-widget__width-initial sc_fly_static elementor-widget elementor-widget-heading\" data-id=\"a4116d1\" data-element_type=\"widget\" data-e-type=\"widget\" data-widget_type=\"heading.default\">\n\t\t\t\t<div class=\"elementor-widget-container\">\n\t\t\t\t\t<h3 class=\"elementor-heading-title elementor-size-default\">A2<\/h3>\t\t\t\t<\/div>\n\t\t\t\t<\/div>\n\t\t\t\t<div class=\"elementor-element elementor-element-e8d6851 elementor-widget__width-initial sc_fly_static elementor-widget elementor-widget-heading\" data-id=\"e8d6851\" data-element_type=\"widget\" data-e-type=\"widget\" data-widget_type=\"heading.default\">\n\t\t\t\t<div class=\"elementor-widget-container\">\n\t\t\t\t\t<h3 class=\"elementor-heading-title elementor-size-default\">Grundlegende Kenntnisse<\/h3>\t\t\t\t<\/div>\n\t\t\t\t<\/div>\n\t\t\t\t<div class=\"elementor-element elementor-element-46e8dc1 elementor-widget__width-initial sc_fly_static elementor-widget elementor-widget-text-editor\" data-id=\"46e8dc1\" data-element_type=\"widget\" data-e-type=\"widget\" data-widget_type=\"text-editor.default\">\n\t\t\t\t<div class=\"elementor-widget-container\">\n\t\t\t\t\t\t\t\t\t<p><span style=\"font-weight: 400;\">Kann isolierte S\u00e4tze und h\u00e4ufig verwendete Ausdr\u00fccke verstehen. Kann an einfachen Gespr\u00e4chen teilnehmen und in einfachen Worten Aspekte seines Hintergrunds und seiner unmittelbaren Umgebung beschreiben.<\/span><\/p>\t\t\t\t\t\t\t\t<\/div>\n\t\t\t\t<\/div>\n\t\t\t\t<\/div>\n\t\t<div data-animation-type=\"block\" class=\"elementor-element elementor-element-8380153 e-con-full e-flex sc_layouts_column_icons_position_left animation_type_block elementor-invisible e-con e-child\" data-id=\"8380153\" data-element_type=\"container\" data-e-type=\"container\" data-settings=\"{&quot;animation&quot;:&quot;ta_fadeinup&quot;,&quot;animation_delay&quot;:100}\">\n\t\t\t\t<div class=\"elementor-element elementor-element-7ceebed elementor-widget__width-initial sc_fly_static elementor-widget elementor-widget-heading\" data-id=\"7ceebed\" data-element_type=\"widget\" data-e-type=\"widget\" data-widget_type=\"heading.default\">\n\t\t\t\t<div class=\"elementor-widget-container\">\n\t\t\t\t\t<h3 class=\"elementor-heading-title elementor-size-default\">A1<\/h3>\t\t\t\t<\/div>\n\t\t\t\t<\/div>\n\t\t\t\t<div class=\"elementor-element elementor-element-494f996 elementor-widget__width-initial sc_fly_static elementor-widget elementor-widget-heading\" data-id=\"494f996\" data-element_type=\"widget\" data-e-type=\"widget\" data-widget_type=\"heading.default\">\n\t\t\t\t<div class=\"elementor-widget-container\">\n\t\t\t\t\t<h3 class=\"elementor-heading-title elementor-size-default\">Anf\u00e4nger<\/h3>\t\t\t\t<\/div>\n\t\t\t\t<\/div>\n\t\t\t\t<div class=\"elementor-element elementor-element-1938a45 elementor-widget__width-initial sc_fly_static elementor-widget elementor-widget-text-editor\" data-id=\"1938a45\" data-element_type=\"widget\" data-e-type=\"widget\" data-widget_type=\"text-editor.default\">\n\t\t\t\t<div class=\"elementor-widget-container\">\n\t\t\t\t\t\t\t\t\t<p><span style=\"font-weight: 400;\">Kann vertraute allt\u00e4gliche Ausdr\u00fccke und sehr einfache S\u00e4tze verstehen und verwenden. Kann sich und andere vorstellen. Kann auf einfache Weise kommunizieren, wenn die andere Person langsam spricht und bereit ist zu helfen.<\/span><\/p>\t\t\t\t\t\t\t\t<\/div>\n\t\t\t\t<\/div>\n\t\t\t\t<\/div>\n\t\t\t\t<\/div>\n\t\t\t\t\t<\/div>\n\t\t\t\t<\/div>\n\t\t<div data-animation-type=\"block\" class=\"elementor-element elementor-element-12ad644 e-flex e-con-boxed sc_layouts_column_icons_position_left animation_type_block elementor-invisible e-con e-child\" data-id=\"12ad644\" data-element_type=\"container\" data-e-type=\"container\" data-settings=\"{&quot;animation&quot;:&quot;ta_fadeinup&quot;,&quot;animation_delay&quot;:100}\">\n\t\t\t\t\t<div class=\"e-con-inner\">\n\t\t\t\t<div class=\"elementor-element elementor-element-aaec613 sc_fly_static elementor-widget elementor-widget-text-editor\" data-id=\"aaec613\" data-element_type=\"widget\" data-e-type=\"widget\" data-widget_type=\"text-editor.default\">\n\t\t\t\t<div class=\"elementor-widget-container\">\n\t\t\t\t\t\t\t\t\t<h5><span style=\"font-weight: 400;\">Wir <b>offer a free trial lesson including a level evaluation <\/b>wenn Sie sich f\u00fcr ein Kursabonnement anmelden.\u00a0<\/span><\/h5>\t\t\t\t\t\t\t\t<\/div>\n\t\t\t\t<\/div>\n\t\t\t\t\t<\/div>\n\t\t\t\t<\/div>\n\t\t<div class=\"elementor-element elementor-element-6b8dcc3 e-grid e-con-boxed sc_layouts_column_icons_position_left e-con e-parent\" data-id=\"6b8dcc3\" data-element_type=\"container\" data-e-type=\"container\">\n\t\t\t\t\t<div class=\"e-con-inner\">\n\t\t\t\t<div class=\"elementor-element elementor-element-06533a4 elementor-align-center sc_fly_static elementor-widget elementor-widget-button\" data-id=\"06533a4\" data-element_type=\"widget\" data-e-type=\"widget\" data-widget_type=\"button.default\">\n\t\t\t\t<div class=\"elementor-widget-container\">\n\t\t\t\t\t\t\t\t\t<div class=\"elementor-button-wrapper\">\n\t\t\t\t\t<a class=\"elementor-button elementor-button-link elementor-size-sm\" href=\"https:\/\/houseoflanguages.ch\/de\/contact\/\">\n\t\t\t\t\t\t<span class=\"elementor-button-content-wrapper\">\n\t\t\t\t\t\t\t\t\t<span class=\"elementor-button-text\">Kontakt<\/span>\n\t\t\t\t\t<\/span>\n\t\t\t\t\t<\/a>\n\t\t\t\t<\/div>\n\t\t\t\t\t\t\t\t<\/div>\n\t\t\t\t<\/div>\n\t\t\t\t\t<\/div>\n\t\t\t\t<\/div>\n\t\t<div class=\"elementor-element elementor-element-18f90b8c e-flex e-con-boxed sc_layouts_column_icons_position_left e-con e-child\" data-id=\"18f90b8c\" data-element_type=\"container\" data-e-type=\"container\" data-settings=\"{&quot;background_background&quot;:&quot;classic&quot;}\">\n\t\t\t\t\t<div class=\"e-con-inner\">\n\t\t\t\t<div data-animation-type=\"block\" class=\"elementor-element elementor-element-4bfc6930 animation_type_block sc_fly_static elementor-invisible elementor-widget elementor-widget-heading\" data-id=\"4bfc6930\" data-element_type=\"widget\" data-e-type=\"widget\" data-settings=\"{&quot;_animation&quot;:&quot;ta_fadein&quot;}\" data-widget_type=\"heading.default\">\n\t\t\t\t<div class=\"elementor-widget-container\">\n\t\t\t\t\t<h3 class=\"elementor-heading-title elementor-size-default\">Ihr Erfolg ist unser Ziel<\/h3>\t\t\t\t<\/div>\n\t\t\t\t<\/div>\n\t\t\t\t\t<\/div>\n\t\t\t\t<\/div>\n\t\t\t\t<\/div>","protected":false},"excerpt":{"rendered":"<p>Resources Assess Your Level C2 Proficiency Can understand virtually everything. Can express yourself spontaneously&hellip;<\/p>","protected":false},"author":1,"featured_media":0,"parent":0,"menu_order":0,"comment_status":"closed","ping_status":"closed","template":"","meta":{"footnotes":""},"class_list":["post-2795","page","type-page","status-publish","hentry"],"_links":{"self":[{"href":"https:\/\/houseoflanguages.ch\/de\/wp-json\/wp\/v2\/pages\/2795","targetHints":{"allow":["GET"]}}],"collection":[{"href":"https:\/\/houseoflanguages.ch\/de\/wp-json\/wp\/v2\/pages"}],"about":[{"href":"https:\/\/houseoflanguages.ch\/de\/wp-json\/wp\/v2\/types\/page"}],"author":[{"embeddable":true,"href":"https:\/\/houseoflanguages.ch\/de\/wp-json\/wp\/v2\/users\/1"}],"replies":[{"embeddable":true,"href":"https:\/\/houseoflanguages.ch\/de\/wp-json\/wp\/v2\/comments?post=2795"}],"version-history":[{"count":94,"href":"https:\/\/houseoflanguages.ch\/de\/wp-json\/wp\/v2\/pages\/2795\/revisions"}],"predecessor-version":[{"id":6018,"href":"https:\/\/houseoflanguages.ch\/de\/wp-json\/wp\/v2\/pages\/2795\/revisions\/6018"}],"wp:attachment":[{"href":"https:\/\/houseoflanguages.ch\/de\/wp-json\/wp\/v2\/media?parent=2795"}],"curies":[{"name":"wp","href":"https:\/\/api.w.org\/{rel}","templated":true}]}}