{"id":19,"date":"2025-05-01T08:41:30","date_gmt":"2025-05-01T08:41:30","guid":{"rendered":"https:\/\/houseoflanguages.ch\/?page_id=19"},"modified":"2025-10-14T16:25:43","modified_gmt":"2025-10-14T16:25:43","slug":"privacy-policy","status":"publish","type":"page","link":"https:\/\/houseoflanguages.ch\/de\/privacy-policy\/","title":{"rendered":"Datenschutzerkl\u00e4rung"},"content":{"rendered":"<div data-elementor-type=\"wp-page\" data-elementor-id=\"19\" class=\"elementor elementor-19\">\n\t\t\t\t<div class=\"elementor-element elementor-element-6556eedd e-flex e-con-boxed sc_layouts_column_icons_position_left e-con e-parent\" data-id=\"6556eedd\" data-element_type=\"container\" data-e-type=\"container\">\n\t\t\t\t\t<div class=\"e-con-inner\">\n\t\t\t\t<div class=\"elementor-element elementor-element-3d47dc32 sc_fly_static elementor-widget elementor-widget-text-editor\" data-id=\"3d47dc32\" data-element_type=\"widget\" data-e-type=\"widget\" data-widget_type=\"text-editor.default\">\n\t\t\t\t<div class=\"elementor-widget-container\">\n\t\t\t\t\t\t\t\t\t<p><b>Datenschutzerkl\u00e4rung<\/b><\/p><p class=\"p2\">G\u00fcltig ab: 25.07.2025<\/p><p class=\"p2\">Bei House Of Languages Switzerland verpflichten wir uns,<\/p><p class=\"p2\">Ihre personenbezogenen Daten zu sch\u00fctzen und Ihre Privatsph\u00e4re zu respektieren. Diese Datenschutzerkl\u00e4rung beschreibt,<\/p><p class=\"p2\">wie wir Ihre Daten erfassen, verwenden und sch\u00fctzen, wenn Sie unsere Website besuchen oder unsere Dienste nutzen.<\/p><p class=\"p1\"><b>1. Informationen, die wir sammeln<\/b><\/p><p class=\"p2\">Wir k\u00f6nnen die folgenden Arten von personenbezogenen Daten erfassen:<\/p><ul><li class=\"p2\">Name, E-Mail-Adresse, Telefonnummer<\/li><li class=\"p2\">Sprachpr\u00e4ferenzen und Lernziele<\/li><li class=\"p2\">Rechnungs- und Zahlungsinformationen (falls zutreffend)<\/li><li class=\"p2\">Kommunikationsdaten aus Kontaktformularen oder E-Mails<\/li><li class=\"p2\">IP-Adresse und Browserinformationen (zu Analysezwecken)<\/li><\/ul><p><b style=\"font-family: inherit; font-style: inherit;\">2. Wie wir Ihre Daten verwenden<\/b><\/p><p class=\"p2\">Wir verwenden Ihre Daten, um:<\/p><ul><li class=\"p2\">unsere Sprach-, \u00dcbersetzungs- und Dolmetscherdienste bereitzustellen und zu verwalten<\/li><li class=\"p2\">mit Ihnen bez\u00fcglich Ihrer Anfragen oder Buchungen zu kommunizieren<\/li><li class=\"p2\">unsere Website und unseren Service zu verbessern<\/li><li class=\"p2\">gesetzliche und beh\u00f6rdliche Verpflichtungen einzuhalten<\/li><\/ul><p class=\"p1\"><b>3. Weitergabe und Offenlegung von Daten<\/b><\/p><p>Wir verkaufen oder vermieten Ihre personenbezogenen Daten nicht. Wir k\u00f6nnen Informationen weitergeben an:<\/p><ul><li class=\"p2\">Vertrauensw\u00fcrdigen Dienstleistern (z. B. E-Mail- oder Zahlungsplattformen)<\/li><li class=\"p2\">Beh\u00f6rden oder Justizbeh\u00f6rden, wenn dies gesetzlich vorgeschrieben ist<\/li><\/ul><p>Alle Drittanbieter, mit denen wir zusammenarbeiten, sind DSGVO-konform und vertraglich verpflichtet, Ihre Daten verantwortungsbewusst zu behandeln.<\/p><p class=\"p1\"><b>4. Cookies und Analysen<\/b><\/p><p><span style=\"font-weight: 400;\">Unsere Website verwendet Cookies, um Ihr Nutzererlebnis zu verbessern und anonyme Besucherdaten zu sammeln. Sie k\u00f6nnen Ihre Browsereinstellungen jederzeit anpassen, um Cookies zu verwalten oder zu blockieren.<\/span><\/p><p class=\"p1\"><b>5. Datensicherheit<\/b><\/p><p>Wir setzen geeignete technische und organisatorische Massnahmen um, um sicherzustellen, dass Ihre personenbezogenen Daten vor unbefugtem Zugriff, unbefugter Ver\u00e4nderung oder Weitergabe gesch\u00fctzt sind.<\/p><p class=\"p1\"><b>6. Ihre Rechte<\/b><\/p><p class=\"p2\">Sie haben das Recht:<\/p><ul><li class=\"p2\">Zugriff auf Ihre personenbezogenen Daten sowie deren Berichtigung oder L\u00f6schung zu verlangen<\/li><li class=\"p2\">jederzeit Ihre Einwilligung zu widerrufen<\/li><li class=\"p2\">Daten\u00fcbertragbarkeit zu verlangen<\/li><li class=\"p2\">Eine Beschwerde bei einer Aufsichtsbeh\u00f6rde einzureichen<\/li><\/ul><p>Um diese Rechte auszu\u00fcben, kontaktieren Sie uns unter: <a href=\"mailto:info@houseoflanguages.ch\"><span class=\"s2\">info@houseoflanguages.ch<\/span><\/a><\/p><p class=\"p1\"><b>7. \u00c4nderungen dieser Richtlinie<\/b><\/p><p class=\"p2\">Wir k\u00f6nnen diese Datenschutzerkl\u00e4rung von Zeit zu Zeit aktualisieren.<\/p><p class=\"p2\">Alle \u00c4nderungen werden auf dieser Seite mit einem \u00fcberarbeiteten Datum ver\u00f6ffentlicht.<\/p><p class=\"p1\"><b>Kontakt<\/b><\/p><p class=\"p2\">Wenn Sie Fragen zu dieser Datenschutzerkl\u00e4rung oder zum Umgang mit Ihren Daten haben,<\/p><p class=\"p2\">wenden Sie sich bitte an:<\/p><p class=\"p2\"><b>House Of Languages Switzerland<\/b><\/p><p class=\"p3\"><span class=\"s3\">E-Mail <\/span><a href=\"mailto:info@houseoflanguages.ch\">info@houseoflanguages.ch<\/a><\/p>\t\t\t\t\t\t\t\t<\/div>\n\t\t\t\t<\/div>\n\t\t\t\t\t<\/div>\n\t\t\t\t<\/div>\n\t\t\t\t<\/div>","protected":false},"excerpt":{"rendered":"<p>Privacy Policy Effective Date: 25.07.2025 At House Of Languages Switzerland, we are committed to&hellip;<\/p>","protected":false},"author":1,"featured_media":0,"parent":0,"menu_order":0,"comment_status":"closed","ping_status":"closed","template":"","meta":{"footnotes":""},"class_list":["post-19","page","type-page","status-publish","hentry"],"_links":{"self":[{"href":"https:\/\/houseoflanguages.ch\/de\/wp-json\/wp\/v2\/pages\/19","targetHints":{"allow":["GET"]}}],"collection":[{"href":"https:\/\/houseoflanguages.ch\/de\/wp-json\/wp\/v2\/pages"}],"about":[{"href":"https:\/\/houseoflanguages.ch\/de\/wp-json\/wp\/v2\/types\/page"}],"author":[{"embeddable":true,"href":"https:\/\/houseoflanguages.ch\/de\/wp-json\/wp\/v2\/users\/1"}],"replies":[{"embeddable":true,"href":"https:\/\/houseoflanguages.ch\/de\/wp-json\/wp\/v2\/comments?post=19"}],"version-history":[{"count":29,"href":"https:\/\/houseoflanguages.ch\/de\/wp-json\/wp\/v2\/pages\/19\/revisions"}],"predecessor-version":[{"id":5014,"href":"https:\/\/houseoflanguages.ch\/de\/wp-json\/wp\/v2\/pages\/19\/revisions\/5014"}],"wp:attachment":[{"href":"https:\/\/houseoflanguages.ch\/de\/wp-json\/wp\/v2\/media?parent=19"}],"curies":[{"name":"wp","href":"https:\/\/api.w.org\/{rel}","templated":true}]}}